{"id":7737,"date":"2023-10-01T01:24:20","date_gmt":"2023-09-30T23:24:20","guid":{"rendered":"https:\/\/lamhouse.com.mx\/?page_id=7737"},"modified":"2024-06-25T12:48:07","modified_gmt":"2024-06-25T18:48:07","slug":"sobre-nosotros","status":"publish","type":"page","link":"https:\/\/lamhouse.com.mx\/en\/sobre-nosotros\/","title":{"rendered":"About Us"},"content":{"rendered":"<div data-elementor-type=\"wp-page\" data-elementor-id=\"7737\" class=\"elementor elementor-7737\" data-elementor-post-type=\"page\">\n\t\t\t\t<div class=\"elementor-element elementor-element-98571d1 e-flex e-con-boxed e-con e-parent\" data-id=\"98571d1\" data-element_type=\"container\">\n\t\t\t\t\t<div class=\"e-con-inner\">\n\t\t\t\t<div class=\"elementor-element elementor-element-359b2c8 elementor-widget elementor-widget-slider_revolution\" data-id=\"359b2c8\" data-element_type=\"widget\" data-widget_type=\"slider_revolution.default\">\n\t\t\t\t<div class=\"elementor-widget-container\">\n\t\t\t\t\t\n\t\t<div class=\"wp-block-themepunch-revslider\">\n\t\t\t<!-- START Nosotros REVOLUTION SLIDER 6.6.16 --><p class=\"rs-p-wp-fix\"><\/p>\n\t\t\t<rs-module-wrap id=\"rev_slider_7_1_wrapper\" data-source=\"gallery\" style=\"visibility:hidden;background:transparent;padding:0;margin:0px auto;margin-top:0;margin-bottom:0;\">\n\t\t\t\t<rs-module id=\"rev_slider_7_1\" style=\"\" data-version=\"6.6.16\">\n\t\t\t\t\t<rs-slides style=\"overflow: hidden; position: absolute;\">\n\t\t\t\t\t\t<rs-slide style=\"position: absolute;\" data-key=\"rs-9\" data-title=\"Slide\" data-in=\"o:0;\" data-out=\"a:false;\">\n\t\t\t\t\t\t\t<img fetchpriority=\"high\" decoding=\"async\" src=\"data:image\/gif;base64,R0lGODlhAQABAAAAACH5BAEKAAEALAAAAAABAAEAAAICTAEAOw==\" alt=\"Slide\" title=\"LAM-logo-Desktop-v2\" width=\"1920\" height=\"1040\" class=\"rev-slidebg tp-rs-img rs-lazyload lazyload\" data-lazyload=\"\/\/lamhouse.com.mx\/wp-content\/plugins\/revslider\/public\/assets\/assets\/transparent.png\" data-bg=\"c:#000000;\" data-no-retina=\"\" data-src=\"\/\/lamhouse.com.mx\/wp-content\/plugins\/revslider\/public\/assets\/assets\/dummy.png\">\n<!--\n\t\t\t\t\t\t\t--><rs-layer\n\t\t\t\t\t\t\t\tid=\"slider-7-slide-9-layer-0\" \n\t\t\t\t\t\t\t\tdata-type=\"image\"\n\t\t\t\t\t\t\t\tdata-rsp_ch=\"on\"\n\t\t\t\t\t\t\t\tdata-xy=\"x:c;y:m;yo:45px,45px,45px,17px;\"\n\t\t\t\t\t\t\t\tdata-text=\"w:normal;s:20,20,20,7;l:0,0,0,9;\"\n\t\t\t\t\t\t\t\tdata-dim=\"w:1500px,1500px,1500px,579px;h:813px,813px,813px,314px;\"\n\t\t\t\t\t\t\t\tdata-vbility=\"t,t,f,f\"\n\t\t\t\t\t\t\t\tdata-frame_999=\"o:0;st:w;\"\n\t\t\t\t\t\t\t\tstyle=\"z-index:7;\"\n\t\t\t\t\t\t\t><img decoding=\"async\" src=\"data:image\/gif;base64,R0lGODlhAQABAAAAACH5BAEKAAEALAAAAAABAAEAAAICTAEAOw==\" alt=\"\" class=\"tp-rs-img rs-lazyload lazyload\" width=\"1920\" height=\"1040\" data-lazyload=\"\/\/lamhouse.com.mx\/wp-content\/uploads\/2024\/04\/LAM-logo-Desktop-v2.jpg\" data-no-retina=\"\" data-src=\"\/\/lamhouse.com.mx\/wp-content\/plugins\/revslider\/public\/assets\/assets\/dummy.png\"> \n\t\t\t\t\t\t\t<\/rs-layer><!--\n\n\t\t\t\t\t\t\t--><rs-layer\n\t\t\t\t\t\t\t\tid=\"slider-7-slide-9-layer-2\" \n\t\t\t\t\t\t\t\tdata-type=\"image\"\n\t\t\t\t\t\t\t\tdata-rsp_ch=\"on\"\n\t\t\t\t\t\t\t\tdata-xy=\"x:l,l,l,c;xo:50px,50px,50px,0;y:t,t,t,m;yo:50px,50px,50px,58px;\"\n\t\t\t\t\t\t\t\tdata-text=\"w:normal;s:20,20,20,7;l:0,0,0,9;\"\n\t\t\t\t\t\t\t\tdata-dim=\"w:300px,300px,300px,350px;h:180px,180px,180px,467px;\"\n\t\t\t\t\t\t\t\tdata-vbility=\"f,f,f,t\"\n\t\t\t\t\t\t\t\tdata-frame_999=\"o:0;st:w;\"\n\t\t\t\t\t\t\t\tstyle=\"z-index:6;\"\n\t\t\t\t\t\t\t><img decoding=\"async\" src=\"data:image\/gif;base64,R0lGODlhAQABAAAAACH5BAEKAAEALAAAAAABAAEAAAICTAEAOw==\" alt=\"\" class=\"tp-rs-img rs-lazyload lazyload\" width=\"480\" height=\"640\" data-lazyload=\"\/\/lamhouse.com.mx\/wp-content\/uploads\/2024\/01\/LAM-logo-Mobile.png\" data-no-retina=\"\" data-src=\"\/\/lamhouse.com.mx\/wp-content\/plugins\/revslider\/public\/assets\/assets\/dummy.png\"> \n\t\t\t\t\t\t\t<\/rs-layer><!--\n-->\t\t\t\t\t\t<\/rs-slide>\n\t\t\t\t\t<\/rs-slides>\n\t\t\t\t<\/rs-module>\n\t\t\t\t<script>\n\t\t\t\t\tsetREVStartSize({c: 'rev_slider_7_1',rl:[1240,1240,1240,480],el:[650,650,650,500],gw:[1240,1240,1240,480],gh:[650,650,650,500],type:'standard',justify:'',layout:'fullwidth',mh:\"0\"});if (window.RS_MODULES!==undefined && window.RS_MODULES.modules!==undefined && window.RS_MODULES.modules[\"revslider71\"]!==undefined) {window.RS_MODULES.modules[\"revslider71\"].once = false;window.revapi7 = undefined;if (window.RS_MODULES.checkMinimal!==undefined) window.RS_MODULES.checkMinimal()}\n\t\t\t\t<\/script>\n\t\t\t<\/rs-module-wrap>\n\t\t\t<!-- END REVOLUTION SLIDER -->\n<\/div>\n\n\t\t\t\t\t\t<\/div>\n\t\t\t\t<\/div>\n\t\t\t\t\t<\/div>\n\t\t\t\t<\/div>\n\t\t<div class=\"elementor-element elementor-element-0feba38 e-flex e-con-boxed e-con e-parent\" data-id=\"0feba38\" data-element_type=\"container\">\n\t\t\t\t\t<div class=\"e-con-inner\">\n\t\t<div class=\"elementor-element elementor-element-0c4828e e-con-full e-flex elementor-invisible e-con e-child\" data-id=\"0c4828e\" data-element_type=\"container\" data-settings=\"{&quot;animation&quot;:&quot;fadeIn&quot;}\">\n\t\t\t\t<div class=\"elementor-element elementor-element-4767710 elementor-widget__width-auto elementor-widget-divider--view-line elementor-widget elementor-widget-divider\" data-id=\"4767710\" data-element_type=\"widget\" data-widget_type=\"divider.default\">\n\t\t\t\t<div class=\"elementor-widget-container\">\n\t\t\t\t\t\t\t<div class=\"elementor-divider\">\n\t\t\t<span class=\"elementor-divider-separator\">\n\t\t\t\t\t\t<\/span>\n\t\t<\/div>\n\t\t\t\t\t\t<\/div>\n\t\t\t\t<\/div>\n\t\t\t\t<div class=\"elementor-element elementor-element-87891f9 elementor-widget__width-initial elementor-widget elementor-widget-heading\" data-id=\"87891f9\" data-element_type=\"widget\" data-widget_type=\"heading.default\">\n\t\t\t\t<div class=\"elementor-widget-container\">\n\t\t\t\t\t<h2 class=\"elementor-heading-title elementor-size-default\">Welcome<\/h2>\t\t\t\t<\/div>\n\t\t\t\t<\/div>\n\t\t\t\t<\/div>\n\t\t<div class=\"elementor-element elementor-element-660c2fc e-con-full e-flex e-con e-child\" data-id=\"660c2fc\" data-element_type=\"container\">\n\t\t\t\t<div class=\"elementor-element elementor-element-e04b693 elementor-invisible elementor-widget elementor-widget-heading\" data-id=\"e04b693\" data-element_type=\"widget\" data-settings=\"{&quot;_animation&quot;:&quot;fadeIn&quot;}\" data-widget_type=\"heading.default\">\n\t\t\t\t<div class=\"elementor-widget-container\">\n\t\t\t\t\t<h2 class=\"elementor-heading-title elementor-size-default\">LAM HOUSE<\/h2>\t\t\t\t<\/div>\n\t\t\t\t<\/div>\n\t\t\t\t<div class=\"elementor-element elementor-element-fa171c8 elementor-invisible elementor-widget elementor-widget-text-editor\" data-id=\"fa171c8\" data-element_type=\"widget\" data-settings=\"{&quot;_animation&quot;:&quot;fadeIn&quot;}\" data-widget_type=\"text-editor.default\">\n\t\t\t\t<div class=\"elementor-widget-container\">\n\t\t\t\t\t\t\t\t\t<div class=\"elementor-element elementor-element-b76f896 elementor-widget elementor-widget-text-editor\" data-id=\"b76f896\" data-element_type=\"widget\" data-widget_type=\"text-editor.default\"><div class=\"elementor-widget-container\"><p>LAM HOUSE es una empresa que ofrece alojamientos en los principales destinos tur\u00edsticos de M\u00e9xico.<\/p><\/div><\/div><div class=\"elementor-element elementor-element-5f432cd elementor-widget elementor-widget-text-editor\" data-id=\"5f432cd\" data-element_type=\"widget\" data-widget_type=\"text-editor.default\"><div class=\"elementor-widget-container\"><p>Made up of people passionate about design, architecture, quality and service, committed to creating spaces with their own identity and character to provide their guests with unique and unforgettable experiences.<\/p><\/div><\/div>\t\t\t\t\t\t\t\t<\/div>\n\t\t\t\t<\/div>\n\t\t\t\t<\/div>\n\t\t\t\t\t<\/div>\n\t\t\t\t<\/div>\n\t\t<div class=\"elementor-element elementor-element-2b82f38 e-flex e-con-boxed elementor-invisible e-con e-parent\" data-id=\"2b82f38\" data-element_type=\"container\" data-settings=\"{&quot;animation&quot;:&quot;fadeIn&quot;}\">\n\t\t\t\t\t<div class=\"e-con-inner\">\n\t\t\t\t<div class=\"elementor-element elementor-element-c24935a elementor-arrows-position-inside elementor-widget elementor-widget-image-carousel\" data-id=\"c24935a\" data-element_type=\"widget\" data-settings=\"{&quot;slides_to_show&quot;:&quot;2&quot;,&quot;navigation&quot;:&quot;arrows&quot;,&quot;lazyload&quot;:&quot;yes&quot;,&quot;autoplay_speed&quot;:2000,&quot;speed&quot;:900,&quot;image_spacing_custom&quot;:{&quot;unit&quot;:&quot;px&quot;,&quot;size&quot;:25,&quot;sizes&quot;:[]},&quot;autoplay&quot;:&quot;yes&quot;,&quot;pause_on_hover&quot;:&quot;yes&quot;,&quot;pause_on_interaction&quot;:&quot;yes&quot;,&quot;infinite&quot;:&quot;yes&quot;,&quot;image_spacing_custom_tablet&quot;:{&quot;unit&quot;:&quot;px&quot;,&quot;size&quot;:&quot;&quot;,&quot;sizes&quot;:[]},&quot;image_spacing_custom_mobile&quot;:{&quot;unit&quot;:&quot;px&quot;,&quot;size&quot;:&quot;&quot;,&quot;sizes&quot;:[]}}\" data-widget_type=\"image-carousel.default\">\n\t\t\t\t<div class=\"elementor-widget-container\">\n\t\t\t\t\t\t\t<div class=\"elementor-image-carousel-wrapper swiper\" role=\"region\" aria-roledescription=\"carousel\" aria-label=\"Image Carousel\" dir=\"ltr\">\n\t\t\t<div class=\"elementor-image-carousel swiper-wrapper\" aria-live=\"off\">\n\t\t\t\t\t\t\t\t<div class=\"swiper-slide\" role=\"group\" aria-roledescription=\"slide\" aria-label=\"1 of 2\"><figure class=\"swiper-slide-inner\"><img class=\"swiper-slide-image swiper-lazy\" data-src=\"https:\/\/lamhouse.com.mx\/wp-content\/uploads\/2023\/11\/LunaDeSal-Portada.jpg\" alt=\"LunaDeSal-Portada\" \/><div class=\"swiper-lazy-preloader\"><\/div><\/figure><\/div><div class=\"swiper-slide\" role=\"group\" aria-roledescription=\"slide\" aria-label=\"2 of 2\"><figure class=\"swiper-slide-inner\"><img class=\"swiper-slide-image swiper-lazy\" data-src=\"https:\/\/lamhouse.com.mx\/wp-content\/uploads\/2023\/10\/CasaCarlota-Portada.jpg\" alt=\"CasaCarlota-Portada\" \/><div class=\"swiper-lazy-preloader\"><\/div><\/figure><\/div>\t\t\t<\/div>\n\t\t\t\t\t\t\t\t\t\t\t\t<div class=\"elementor-swiper-button elementor-swiper-button-prev\" role=\"button\" tabindex=\"0\">\n\t\t\t\t\t\t<i aria-hidden=\"true\" class=\"eicon-chevron-left\"><\/i>\t\t\t\t\t<\/div>\n\t\t\t\t\t<div class=\"elementor-swiper-button elementor-swiper-button-next\" role=\"button\" tabindex=\"0\">\n\t\t\t\t\t\t<i aria-hidden=\"true\" class=\"eicon-chevron-right\"><\/i>\t\t\t\t\t<\/div>\n\t\t\t\t\n\t\t\t\t\t\t\t\t\t<\/div>\n\t\t\t\t\t\t<\/div>\n\t\t\t\t<\/div>\n\t\t\t\t\t<\/div>\n\t\t\t\t<\/div>\n\t\t<div class=\"elementor-element elementor-element-5a44fed e-flex e-con-boxed e-con e-parent\" data-id=\"5a44fed\" data-element_type=\"container\" data-settings=\"{&quot;background_background&quot;:&quot;classic&quot;}\">\n\t\t\t\t\t<div class=\"e-con-inner\">\n\t\t<div class=\"elementor-element elementor-element-f8be6f0 e-con-full e-flex e-con e-child\" data-id=\"f8be6f0\" data-element_type=\"container\">\n\t\t<div class=\"elementor-element elementor-element-8f3b9ea e-con-full e-flex e-con e-child\" data-id=\"8f3b9ea\" data-element_type=\"container\">\n\t\t\t\t<div class=\"elementor-element elementor-element-c045a8d elementor-widget elementor-widget-counter\" data-id=\"c045a8d\" data-element_type=\"widget\" data-widget_type=\"counter.default\">\n\t\t\t\t<div class=\"elementor-widget-container\">\n\t\t\t\t\t\t\t<div class=\"elementor-counter\">\n\t\t\t<div class=\"elementor-counter-title\">Destinations<\/div>\t\t\t<div class=\"elementor-counter-number-wrapper\">\n\t\t\t\t<span class=\"elementor-counter-number-prefix\"><\/span>\n\t\t\t\t<span class=\"elementor-counter-number\" data-duration=\"400\" data-to-value=\"2\" data-from-value=\"10\" data-delimiter=\",\">10<\/span>\n\t\t\t\t<span class=\"elementor-counter-number-suffix\"><\/span>\n\t\t\t<\/div>\n\t\t<\/div>\n\t\t\t\t\t\t<\/div>\n\t\t\t\t<\/div>\n\t\t\t\t<\/div>\n\t\t<div class=\"elementor-element elementor-element-9a09278 e-con-full e-flex e-con e-child\" data-id=\"9a09278\" data-element_type=\"container\">\n\t\t\t\t<div class=\"elementor-element elementor-element-178b4cc elementor-widget elementor-widget-counter\" data-id=\"178b4cc\" data-element_type=\"widget\" data-widget_type=\"counter.default\">\n\t\t\t\t<div class=\"elementor-widget-container\">\n\t\t\t\t\t\t\t<div class=\"elementor-counter\">\n\t\t\t<div class=\"elementor-counter-title\">Accommodations<\/div>\t\t\t<div class=\"elementor-counter-number-wrapper\">\n\t\t\t\t<span class=\"elementor-counter-number-prefix\"><\/span>\n\t\t\t\t<span class=\"elementor-counter-number\" data-duration=\"400\" data-to-value=\"2\" data-from-value=\"10\" data-delimiter=\",\">10<\/span>\n\t\t\t\t<span class=\"elementor-counter-number-suffix\"><\/span>\n\t\t\t<\/div>\n\t\t<\/div>\n\t\t\t\t\t\t<\/div>\n\t\t\t\t<\/div>\n\t\t\t\t<\/div>\n\t\t<div class=\"elementor-element elementor-element-77d3376 e-con-full e-flex e-con e-child\" data-id=\"77d3376\" data-element_type=\"container\">\n\t\t\t\t<div class=\"elementor-element elementor-element-01546db elementor-widget elementor-widget-counter\" data-id=\"01546db\" data-element_type=\"widget\" data-widget_type=\"counter.default\">\n\t\t\t\t<div class=\"elementor-widget-container\">\n\t\t\t\t\t\t\t<div class=\"elementor-counter\">\n\t\t\t<div class=\"elementor-counter-title\">Experiences<\/div>\t\t\t<div class=\"elementor-counter-number-wrapper\">\n\t\t\t\t<span class=\"elementor-counter-number-prefix\"><\/span>\n\t\t\t\t<span class=\"elementor-counter-number\" data-duration=\"400\" data-to-value=\"41\" data-from-value=\"0\" data-delimiter=\",\">0<\/span>\n\t\t\t\t<span class=\"elementor-counter-number-suffix\"><\/span>\n\t\t\t<\/div>\n\t\t<\/div>\n\t\t\t\t\t\t<\/div>\n\t\t\t\t<\/div>\n\t\t\t\t<\/div>\n\t\t\t\t<\/div>\n\t\t\t\t\t<\/div>\n\t\t\t\t<\/div>\n\t\t<div class=\"elementor-element elementor-element-8f0f4a7 e-flex e-con-boxed e-con e-parent\" data-id=\"8f0f4a7\" data-element_type=\"container\">\n\t\t\t\t\t<div class=\"e-con-inner\">\n\t\t<div class=\"elementor-element elementor-element-71b39ca e-con-full e-flex e-con e-child\" data-id=\"71b39ca\" data-element_type=\"container\">\n\t\t\t\t<div class=\"elementor-element elementor-element-29fa63a elementor-widget__width-auto elementor-widget-divider--view-line elementor-widget elementor-widget-divider\" data-id=\"29fa63a\" data-element_type=\"widget\" data-widget_type=\"divider.default\">\n\t\t\t\t<div class=\"elementor-widget-container\">\n\t\t\t\t\t\t\t<div class=\"elementor-divider\">\n\t\t\t<span class=\"elementor-divider-separator\">\n\t\t\t\t\t\t<\/span>\n\t\t<\/div>\n\t\t\t\t\t\t<\/div>\n\t\t\t\t<\/div>\n\t\t\t\t<div class=\"elementor-element elementor-element-5640ac1 elementor-widget__width-initial elementor-widget elementor-widget-heading\" data-id=\"5640ac1\" data-element_type=\"widget\" data-widget_type=\"heading.default\">\n\t\t\t\t<div class=\"elementor-widget-container\">\n\t\t\t\t\t<h2 class=\"elementor-heading-title elementor-size-default\">WHY CHOOSE<\/h2>\t\t\t\t<\/div>\n\t\t\t\t<\/div>\n\t\t\t\t<\/div>\n\t\t<div class=\"elementor-element elementor-element-4afe8e6 e-con-full e-flex e-con e-child\" data-id=\"4afe8e6\" data-element_type=\"container\">\n\t\t\t\t<div class=\"elementor-element elementor-element-12daf21 elementor-invisible elementor-widget elementor-widget-heading\" data-id=\"12daf21\" data-element_type=\"widget\" data-settings=\"{&quot;_animation&quot;:&quot;fadeIn&quot;}\" data-widget_type=\"heading.default\">\n\t\t\t\t<div class=\"elementor-widget-container\">\n\t\t\t\t\t<h2 class=\"elementor-heading-title elementor-size-default\">LAM HOUSE<\/h2>\t\t\t\t<\/div>\n\t\t\t\t<\/div>\n\t\t<div class=\"elementor-element elementor-element-69a9d86 e-con-full e-flex e-con e-child\" data-id=\"69a9d86\" data-element_type=\"container\">\n\t\t<div class=\"elementor-element elementor-element-c9565d4 e-con-full e-flex elementor-invisible e-con e-child\" data-id=\"c9565d4\" data-element_type=\"container\" data-settings=\"{&quot;animation&quot;:&quot;fadeIn&quot;}\">\n\t\t\t\t<div class=\"elementor-element elementor-element-36ddbc0 elementor-widget elementor-widget-html\" data-id=\"36ddbc0\" data-element_type=\"widget\" data-widget_type=\"html.default\">\n\t\t\t\t<div class=\"elementor-widget-container\">\n\t\t\t\t\t<ul class=\"list-nosotros\" style=\"font-size: 17px; line-height: 27px; font-weight: 400; color:#252525;\">\r\n \t<li><i class=\"fa fa-check\"><\/i>Prime location<\/li>\r\n \t<li><i class=\"fa fa-check\"><\/i>Impressive spaces and views<\/li>\r\n \t<li><i class=\"fa fa-check\"><\/i>Comfort and luxury<\/li>\r\n \t<li><i class=\"fa fa-check\"><\/i>Interior design<\/li>\r\n<\/ul>\t\t\t\t<\/div>\n\t\t\t\t<\/div>\n\t\t\t\t<\/div>\n\t\t<div class=\"elementor-element elementor-element-97b0acd e-con-full e-flex elementor-invisible e-con e-child\" data-id=\"97b0acd\" data-element_type=\"container\" data-settings=\"{&quot;animation&quot;:&quot;fadeIn&quot;}\">\n\t\t\t\t<div class=\"elementor-element elementor-element-6273fd5 elementor-widget elementor-widget-html\" data-id=\"6273fd5\" data-element_type=\"widget\" data-widget_type=\"html.default\">\n\t\t\t\t<div class=\"elementor-widget-container\">\n\t\t\t\t\t<ul class=\"list-nosotros list-nosotros-2\" style=\"font-size: 17px; line-height: 27px; font-weight: 400; color:#252525;\">\r\n \t<li><i class=\"fa fa-check\"><\/i>Equipamiento completo<\/li>\r\n \t<li><i class=\"fa fa-check\"><\/i>First-class amenities<\/li>\r\n \t<li><i class=\"fa fa-check\"><\/i>Impeccable cleanliness<\/li>\r\n \t<li><i class=\"fa fa-check\"><\/i>Constant maintenance<\/li>\r\n<\/ul>\t\t\t\t<\/div>\n\t\t\t\t<\/div>\n\t\t\t\t<\/div>\n\t\t<div class=\"elementor-element elementor-element-5ca1192 e-con-full e-flex elementor-invisible e-con e-child\" data-id=\"5ca1192\" data-element_type=\"container\" data-settings=\"{&quot;animation&quot;:&quot;fadeIn&quot;}\">\n\t\t\t\t<div class=\"elementor-element elementor-element-99f346d elementor-widget elementor-widget-html\" data-id=\"99f346d\" data-element_type=\"widget\" data-widget_type=\"html.default\">\n\t\t\t\t<div class=\"elementor-widget-container\">\n\t\t\t\t\t<ul class=\"list-nosotros\" style=\"font-size: 17px; line-height: 20px; font-weight: 400; color:#252525;\">\r\n \t<li><i class=\"fa fa-check\"><\/i>Whites and premium quality bedding<\/li>\r\n \t<li><i class=\"fa fa-check\"><\/i>Qualified service personnel<\/li>\r\n \t<li><i class=\"fa fa-check\"><\/i>Personalized attention at all times<\/li>\r\n \t<li><i class=\"fa fa-check\"><\/i>Local recommendations<\/li>\r\n<\/ul>\t\t\t\t<\/div>\n\t\t\t\t<\/div>\n\t\t\t\t<\/div>\n\t\t\t\t<\/div>\n\t\t\t\t<\/div>\n\t\t\t\t\t<\/div>\n\t\t\t\t<\/div>\n\t\t<div class=\"elementor-element elementor-element-af29bb7 e-flex e-con-boxed elementor-invisible e-con e-parent\" data-id=\"af29bb7\" data-element_type=\"container\" data-settings=\"{&quot;animation&quot;:&quot;fadeIn&quot;}\">\n\t\t\t\t\t<div class=\"e-con-inner\">\n\t\t<div class=\"elementor-element elementor-element-852fb3f e-con-full e-flex e-con e-child\" data-id=\"852fb3f\" data-element_type=\"container\">\n\t\t\t\t<div class=\"elementor-element elementor-element-3b5aafe elementor-widget elementor-widget-image\" data-id=\"3b5aafe\" data-element_type=\"widget\" data-widget_type=\"image.default\">\n\t\t\t\t<div class=\"elementor-widget-container\">\n\t\t\t\t\t\t\t\t\t\t\t\t\t\t\t<img decoding=\"async\" src=\"data:image\/gif;base64,R0lGODlhAQABAAAAACH5BAEKAAEALAAAAAABAAEAAAICTAEAOw==\" title=\"Terrace\" alt=\"Terraza\" loading=\"lazy\" class=\"lazyload\" data-src=\"https:\/\/lamhouse.com.mx\/wp-content\/uploads\/elementor\/thumbs\/Terraza-7-scaled-qn7yf4tdh4yv4y428pl6j003snoaa1qqgwbff7gzso.jpeg\">\t\t\t\t\t\t\t\t\t\t\t\t\t\t\t<\/div>\n\t\t\t\t<\/div>\n\t\t\t\t<\/div>\n\t\t<div class=\"elementor-element elementor-element-f464929 e-con-full e-flex e-con e-child\" data-id=\"f464929\" data-element_type=\"container\">\n\t\t\t\t<div class=\"elementor-element elementor-element-a108306 elementor-widget elementor-widget-image\" data-id=\"a108306\" data-element_type=\"widget\" data-widget_type=\"image.default\">\n\t\t\t\t<div class=\"elementor-widget-container\">\n\t\t\t\t\t\t\t\t\t\t\t\t\t\t\t<img decoding=\"async\" src=\"data:image\/gif;base64,R0lGODlhAQABAAAAACH5BAEKAAEALAAAAAABAAEAAAICTAEAOw==\" title=\"About2\" alt=\"About2\" loading=\"lazy\" class=\"lazyload\" data-src=\"https:\/\/lamhouse.com.mx\/wp-content\/uploads\/elementor\/thumbs\/About2-qiu7jhepkuhzh2407jp7pmt9xwos6oi3akta5w6gc8.jpg\">\t\t\t\t\t\t\t\t\t\t\t\t\t\t\t<\/div>\n\t\t\t\t<\/div>\n\t\t\t\t<\/div>\n\t\t<div class=\"elementor-element elementor-element-0ac22e1 e-con-full e-flex e-con e-child\" data-id=\"0ac22e1\" data-element_type=\"container\">\n\t\t\t\t<div class=\"elementor-element elementor-element-3f84599 elementor-widget elementor-widget-image\" data-id=\"3f84599\" data-element_type=\"widget\" data-widget_type=\"image.default\">\n\t\t\t\t<div class=\"elementor-widget-container\">\n\t\t\t\t\t\t\t\t\t\t\t\t\t\t\t<img decoding=\"async\" src=\"data:image\/gif;base64,R0lGODlhAQABAAAAACH5BAEKAAEALAAAAAABAAEAAAICTAEAOw==\" title=\"Swimming Pool\" alt=\"Alberca\" loading=\"lazy\" class=\"lazyload\" data-src=\"https:\/\/lamhouse.com.mx\/wp-content\/uploads\/elementor\/thumbs\/Alberca-5-scaled-qn7ux5i3hiid2f3uvr69uah1kim9mglutclmv49jqw.jpeg\">\t\t\t\t\t\t\t\t\t\t\t\t\t\t\t<\/div>\n\t\t\t\t<\/div>\n\t\t\t\t<\/div>\n\t\t\t\t\t<\/div>\n\t\t\t\t<\/div>\n\t\t<div class=\"elementor-element elementor-element-d4a06c2 e-flex e-con-boxed e-con e-parent\" data-id=\"d4a06c2\" data-element_type=\"container\" data-settings=\"{&quot;background_background&quot;:&quot;classic&quot;}\">\n\t\t\t\t\t<div class=\"e-con-inner\">\n\t\t\t\t<div class=\"elementor-element elementor-element-e7f8305 elementor-widget elementor-widget-html\" data-id=\"e7f8305\" data-element_type=\"widget\" data-widget_type=\"html.default\">\n\t\t\t\t<div class=\"elementor-widget-container\">\n\t\t\t\t\t<div class=\"text-contact-banner\">\r\n<div class=\"content-banner\">\r\n<h3 class=\"banner-title\">Do you have any question?<\/h3><p style=\"line-height:2;color:#ffffff\">Do not hesitate to contact us.<\/p>\r\n<a class=\"banner-link\" href=\"mailto:contacto@lamhouse.com.mx\">CONTACT US<\/a>\r\n\r\n<\/div>\r\n<\/div>\t\t\t\t<\/div>\n\t\t\t\t<\/div>\n\t\t\t\t\t<\/div>\n\t\t\t\t<\/div>\n\t\t\t\t<\/div>","protected":false},"excerpt":{"rendered":"<p>Bienvenido LAM HOUSE LAM HOUSE es una empresa que ofrece alojamientos en los principales destinos tur\u00edsticos de M\u00e9xico. Integrada por personas apasionadas del dise\u00f1o, la arquitectura, la calidad y el servicio, comprometidas en la creaci\u00f3n de espacios con identidad y car\u00e1cter propio para brindar a sus hu\u00e9spedes experiencias \u00fanicas e inolvidables. Destinos 10 Alojamientos 10<a class=\"more-link\" href=\"https:\/\/lamhouse.com.mx\/en\/sobre-nosotros\/\">Read more  &#10230;<\/a><\/p>","protected":false},"author":1,"featured_media":0,"parent":0,"menu_order":0,"comment_status":"closed","ping_status":"closed","template":"","meta":{"inline_featured_image":false,"_glsr_average":0,"_glsr_ranking":0,"_glsr_reviews":0,"_joinchat":[],"footnotes":""},"class_list":["post-7737","page","type-page","status-publish","hentry"],"_links":{"self":[{"href":"https:\/\/lamhouse.com.mx\/en\/wp-json\/wp\/v2\/pages\/7737","targetHints":{"allow":["GET"]}}],"collection":[{"href":"https:\/\/lamhouse.com.mx\/en\/wp-json\/wp\/v2\/pages"}],"about":[{"href":"https:\/\/lamhouse.com.mx\/en\/wp-json\/wp\/v2\/types\/page"}],"author":[{"embeddable":true,"href":"https:\/\/lamhouse.com.mx\/en\/wp-json\/wp\/v2\/users\/1"}],"replies":[{"embeddable":true,"href":"https:\/\/lamhouse.com.mx\/en\/wp-json\/wp\/v2\/comments?post=7737"}],"version-history":[{"count":105,"href":"https:\/\/lamhouse.com.mx\/en\/wp-json\/wp\/v2\/pages\/7737\/revisions"}],"predecessor-version":[{"id":12314,"href":"https:\/\/lamhouse.com.mx\/en\/wp-json\/wp\/v2\/pages\/7737\/revisions\/12314"}],"wp:attachment":[{"href":"https:\/\/lamhouse.com.mx\/en\/wp-json\/wp\/v2\/media?parent=7737"}],"curies":[{"name":"wp","href":"https:\/\/api.w.org\/{rel}","templated":true}]}}